{"id":1130,"date":"2021-03-02T10:01:39","date_gmt":"2021-03-02T15:01:39","guid":{"rendered":"https:\/\/accesasie.com\/accueil\/"},"modified":"2026-04-02T16:16:53","modified_gmt":"2026-04-02T20:16:53","slug":"festival-acces-asie-asian-heritage-1995-montreal-asian-arts-cultures","status":"publish","type":"page","link":"https:\/\/accesasie.com\/en\/","title":{"rendered":"Home"},"content":{"rendered":"","protected":false},"excerpt":{"rendered":"","protected":false},"author":1,"featured_media":10978,"parent":0,"menu_order":14,"comment_status":"closed","ping_status":"closed","template":"","meta":{"_acf_changed":false,"footnotes":""},"class_list":["post-1130","page","type-page","status-publish","has-post-thumbnail","hentry"],"acf":[],"yoast_head":"<!-- This site is optimized with the Yoast SEO plugin v26.9 - https:\/\/yoast.com\/product\/yoast-seo-wordpress\/ -->\n<title>Home - Festival Acc\u00e8s Asie<\/title>\n<meta name=\"description\" content=\"Created in 1995, the Festival Acc\u00e8s Asie is a non-profit organization and an artistic, interdisciplinary, intercultural and intergenerational festival, based in Tiohti\u00e1:ke-Mooniyang-Montreal. It presents the work of artists from Asia and its diaspora each year in May, Asian Heritage Month in so-called Canada. The artists presented are mainly connected to East Asia, Southeast Asia, South Asia, Central Asia, the Caucasus and the Middle East.\" \/>\n<meta name=\"robots\" content=\"index, follow, max-snippet:-1, max-image-preview:large, max-video-preview:-1\" \/>\n<link rel=\"canonical\" href=\"https:\/\/accesasie.com\/en\/\" \/>\n<meta property=\"og:locale\" content=\"en_US\" \/>\n<meta property=\"og:type\" content=\"article\" \/>\n<meta property=\"og:title\" content=\"Festival Acc\u00e8s Asie - Montreal\" \/>\n<meta property=\"og:description\" content=\"Festival Acc\u00e8s Asie is a Montr\u00e9al-based arts festival that promotes Asian arts, cultures and histories through a diversity of artistic disciplines including the visual arts, dance, theatre, cinema, music, performance, new media and culinary arts.\" \/>\n<meta property=\"og:url\" content=\"https:\/\/accesasie.com\/en\/\" \/>\n<meta property=\"og:site_name\" content=\"Festival Acc\u00e8s Asie\" \/>\n<meta property=\"article:publisher\" content=\"https:\/\/www.facebook.com\/accesasie\" \/>\n<meta property=\"article:modified_time\" content=\"2026-04-02T20:16:53+00:00\" \/>\n<meta property=\"og:image\" content=\"https:\/\/accesasie.com\/wp-content\/uploads\/2022\/07\/Format-Mobile.png\" \/>\n\t<meta property=\"og:image:width\" content=\"320\" \/>\n\t<meta property=\"og:image:height\" content=\"100\" \/>\n\t<meta property=\"og:image:type\" content=\"image\/png\" \/>\n<meta name=\"twitter:card\" content=\"summary_large_image\" \/>\n<meta name=\"twitter:site\" content=\"@accesasie\" \/>\n<meta name=\"twitter:label1\" content=\"Est. reading time\" \/>\n\t<meta name=\"twitter:data1\" content=\"1 minute\" \/>\n<script type=\"application\/ld+json\" class=\"yoast-schema-graph\">{\"@context\":\"https:\/\/schema.org\",\"@graph\":[{\"@type\":\"WebPage\",\"@id\":\"https:\/\/accesasie.com\/en\/\",\"url\":\"https:\/\/accesasie.com\/en\/\",\"name\":\"Home - Festival Acc\u00e8s Asie\",\"isPartOf\":{\"@id\":\"https:\/\/accesasie.com\/en\/#website\"},\"primaryImageOfPage\":{\"@id\":\"https:\/\/accesasie.com\/en\/#primaryimage\"},\"image\":{\"@id\":\"https:\/\/accesasie.com\/en\/#primaryimage\"},\"thumbnailUrl\":\"https:\/\/accesasie.com\/wp-content\/uploads\/2026\/03\/FAA__1920-x-1080-2-1.jpg\",\"datePublished\":\"2021-03-02T15:01:39+00:00\",\"dateModified\":\"2026-04-02T20:16:53+00:00\",\"description\":\"Created in 1995, the Festival Acc\u00e8s Asie is a non-profit organization and an artistic, interdisciplinary, intercultural and intergenerational festival, based in Tiohti\u00e1:ke-Mooniyang-Montreal. It presents the work of artists from Asia and its diaspora each year in May, Asian Heritage Month in so-called Canada. The artists presented are mainly connected to East Asia, Southeast Asia, South Asia, Central Asia, the Caucasus and the Middle East.\",\"breadcrumb\":{\"@id\":\"https:\/\/accesasie.com\/en\/#breadcrumb\"},\"inLanguage\":\"en-US\",\"potentialAction\":[{\"@type\":\"ReadAction\",\"target\":[\"https:\/\/accesasie.com\/en\/\"]}]},{\"@type\":\"ImageObject\",\"inLanguage\":\"en-US\",\"@id\":\"https:\/\/accesasie.com\/en\/#primaryimage\",\"url\":\"https:\/\/accesasie.com\/wp-content\/uploads\/2026\/03\/FAA__1920-x-1080-2-1.jpg\",\"contentUrl\":\"https:\/\/accesasie.com\/wp-content\/uploads\/2026\/03\/FAA__1920-x-1080-2-1.jpg\",\"width\":1920,\"height\":1080},{\"@type\":\"BreadcrumbList\",\"@id\":\"https:\/\/accesasie.com\/en\/#breadcrumb\",\"itemListElement\":[{\"@type\":\"ListItem\",\"position\":1,\"name\":\"Accueil\",\"item\":\"https:\/\/accesasie.com\/en\/\"},{\"@type\":\"ListItem\",\"position\":2,\"name\":\"Home\"}]},{\"@type\":\"WebSite\",\"@id\":\"https:\/\/accesasie.com\/en\/#website\",\"url\":\"https:\/\/accesasie.com\/en\/\",\"name\":\"Festival Acc\u00e8s Asie\",\"description\":\"\",\"publisher\":{\"@id\":\"https:\/\/accesasie.com\/en\/#organization\"},\"potentialAction\":[{\"@type\":\"SearchAction\",\"target\":{\"@type\":\"EntryPoint\",\"urlTemplate\":\"https:\/\/accesasie.com\/en\/?s={search_term_string}\"},\"query-input\":{\"@type\":\"PropertyValueSpecification\",\"valueRequired\":true,\"valueName\":\"search_term_string\"}}],\"inLanguage\":\"en-US\"},{\"@type\":\"Organization\",\"@id\":\"https:\/\/accesasie.com\/en\/#organization\",\"name\":\"Festival Acc\u00e8s Asie\",\"url\":\"https:\/\/accesasie.com\/en\/\",\"logo\":{\"@type\":\"ImageObject\",\"inLanguage\":\"en-US\",\"@id\":\"https:\/\/accesasie.com\/en\/#\/schema\/logo\/image\/\",\"url\":\"https:\/\/accesasie.com\/wp-content\/uploads\/2021\/03\/admin-logo.png\",\"contentUrl\":\"https:\/\/accesasie.com\/wp-content\/uploads\/2021\/03\/admin-logo.png\",\"width\":150,\"height\":150,\"caption\":\"Festival Acc\u00e8s Asie\"},\"image\":{\"@id\":\"https:\/\/accesasie.com\/en\/#\/schema\/logo\/image\/\"},\"sameAs\":[\"https:\/\/www.facebook.com\/accesasie\",\"https:\/\/x.com\/accesasie\",\"https:\/\/www.instagram.com\/festivalaccesasie\/\",\"https:\/\/www.youtube.com\/channel\/UCrCfot5Ev-620qaMWFeFfnA\"]}]}<\/script>\n<!-- \/ Yoast SEO plugin. -->","yoast_head_json":{"title":"Home - Festival Acc\u00e8s Asie","description":"Created in 1995, the Festival Acc\u00e8s Asie is a non-profit organization and an artistic, interdisciplinary, intercultural and intergenerational festival, based in Tiohti\u00e1:ke-Mooniyang-Montreal. It presents the work of artists from Asia and its diaspora each year in May, Asian Heritage Month in so-called Canada. The artists presented are mainly connected to East Asia, Southeast Asia, South Asia, Central Asia, the Caucasus and the Middle East.","robots":{"index":"index","follow":"follow","max-snippet":"max-snippet:-1","max-image-preview":"max-image-preview:large","max-video-preview":"max-video-preview:-1"},"canonical":"https:\/\/accesasie.com\/en\/","og_locale":"en_US","og_type":"article","og_title":"Festival Acc\u00e8s Asie - Montreal","og_description":"Festival Acc\u00e8s Asie is a Montr\u00e9al-based arts festival that promotes Asian arts, cultures and histories through a diversity of artistic disciplines including the visual arts, dance, theatre, cinema, music, performance, new media and culinary arts.","og_url":"https:\/\/accesasie.com\/en\/","og_site_name":"Festival Acc\u00e8s Asie","article_publisher":"https:\/\/www.facebook.com\/accesasie","article_modified_time":"2026-04-02T20:16:53+00:00","og_image":[{"width":320,"height":100,"url":"https:\/\/accesasie.com\/wp-content\/uploads\/2022\/07\/Format-Mobile.png","type":"image\/png"}],"twitter_card":"summary_large_image","twitter_site":"@accesasie","twitter_misc":{"Est. reading time":"1 minute"},"schema":{"@context":"https:\/\/schema.org","@graph":[{"@type":"WebPage","@id":"https:\/\/accesasie.com\/en\/","url":"https:\/\/accesasie.com\/en\/","name":"Home - Festival Acc\u00e8s Asie","isPartOf":{"@id":"https:\/\/accesasie.com\/en\/#website"},"primaryImageOfPage":{"@id":"https:\/\/accesasie.com\/en\/#primaryimage"},"image":{"@id":"https:\/\/accesasie.com\/en\/#primaryimage"},"thumbnailUrl":"https:\/\/accesasie.com\/wp-content\/uploads\/2026\/03\/FAA__1920-x-1080-2-1.jpg","datePublished":"2021-03-02T15:01:39+00:00","dateModified":"2026-04-02T20:16:53+00:00","description":"Created in 1995, the Festival Acc\u00e8s Asie is a non-profit organization and an artistic, interdisciplinary, intercultural and intergenerational festival, based in Tiohti\u00e1:ke-Mooniyang-Montreal. It presents the work of artists from Asia and its diaspora each year in May, Asian Heritage Month in so-called Canada. The artists presented are mainly connected to East Asia, Southeast Asia, South Asia, Central Asia, the Caucasus and the Middle East.","breadcrumb":{"@id":"https:\/\/accesasie.com\/en\/#breadcrumb"},"inLanguage":"en-US","potentialAction":[{"@type":"ReadAction","target":["https:\/\/accesasie.com\/en\/"]}]},{"@type":"ImageObject","inLanguage":"en-US","@id":"https:\/\/accesasie.com\/en\/#primaryimage","url":"https:\/\/accesasie.com\/wp-content\/uploads\/2026\/03\/FAA__1920-x-1080-2-1.jpg","contentUrl":"https:\/\/accesasie.com\/wp-content\/uploads\/2026\/03\/FAA__1920-x-1080-2-1.jpg","width":1920,"height":1080},{"@type":"BreadcrumbList","@id":"https:\/\/accesasie.com\/en\/#breadcrumb","itemListElement":[{"@type":"ListItem","position":1,"name":"Accueil","item":"https:\/\/accesasie.com\/en\/"},{"@type":"ListItem","position":2,"name":"Home"}]},{"@type":"WebSite","@id":"https:\/\/accesasie.com\/en\/#website","url":"https:\/\/accesasie.com\/en\/","name":"Festival Acc\u00e8s Asie","description":"","publisher":{"@id":"https:\/\/accesasie.com\/en\/#organization"},"potentialAction":[{"@type":"SearchAction","target":{"@type":"EntryPoint","urlTemplate":"https:\/\/accesasie.com\/en\/?s={search_term_string}"},"query-input":{"@type":"PropertyValueSpecification","valueRequired":true,"valueName":"search_term_string"}}],"inLanguage":"en-US"},{"@type":"Organization","@id":"https:\/\/accesasie.com\/en\/#organization","name":"Festival Acc\u00e8s Asie","url":"https:\/\/accesasie.com\/en\/","logo":{"@type":"ImageObject","inLanguage":"en-US","@id":"https:\/\/accesasie.com\/en\/#\/schema\/logo\/image\/","url":"https:\/\/accesasie.com\/wp-content\/uploads\/2021\/03\/admin-logo.png","contentUrl":"https:\/\/accesasie.com\/wp-content\/uploads\/2021\/03\/admin-logo.png","width":150,"height":150,"caption":"Festival Acc\u00e8s Asie"},"image":{"@id":"https:\/\/accesasie.com\/en\/#\/schema\/logo\/image\/"},"sameAs":["https:\/\/www.facebook.com\/accesasie","https:\/\/x.com\/accesasie","https:\/\/www.instagram.com\/festivalaccesasie\/","https:\/\/www.youtube.com\/channel\/UCrCfot5Ev-620qaMWFeFfnA"]}]}},"_links":{"self":[{"href":"https:\/\/accesasie.com\/en\/wp-json\/wp\/v2\/pages\/1130","targetHints":{"allow":["GET"]}}],"collection":[{"href":"https:\/\/accesasie.com\/en\/wp-json\/wp\/v2\/pages"}],"about":[{"href":"https:\/\/accesasie.com\/en\/wp-json\/wp\/v2\/types\/page"}],"author":[{"embeddable":true,"href":"https:\/\/accesasie.com\/en\/wp-json\/wp\/v2\/users\/1"}],"replies":[{"embeddable":true,"href":"https:\/\/accesasie.com\/en\/wp-json\/wp\/v2\/comments?post=1130"}],"version-history":[{"count":88,"href":"https:\/\/accesasie.com\/en\/wp-json\/wp\/v2\/pages\/1130\/revisions"}],"predecessor-version":[{"id":11076,"href":"https:\/\/accesasie.com\/en\/wp-json\/wp\/v2\/pages\/1130\/revisions\/11076"}],"wp:featuredmedia":[{"embeddable":true,"href":"https:\/\/accesasie.com\/en\/wp-json\/wp\/v2\/media\/10978"}],"wp:attachment":[{"href":"https:\/\/accesasie.com\/en\/wp-json\/wp\/v2\/media?parent=1130"}],"curies":[{"name":"wp","href":"https:\/\/api.w.org\/{rel}","templated":true}]}}